{"id":1472,"date":"2021-01-29T07:44:15","date_gmt":"2021-01-29T07:44:15","guid":{"rendered":"https:\/\/slidesforeducation.com\/?page_id=1472"},"modified":"2021-05-18T14:43:14","modified_gmt":"2021-05-18T14:43:14","slug":"iconos","status":"publish","type":"page","link":"https:\/\/slidesforeducation.com\/es\/iconos\/","title":{"rendered":"Iconos gratuitos de SlidesForEducation"},"content":{"rendered":"<p>[et_pb_section fb_built=\u00bb1&#8243; _builder_version=\u00bb4.7.7&#8243; _module_preset=\u00bbdefault\u00bb background_image=\u00bbhttps:\/\/slidesforeducation.com\/wp-content\/uploads\/2020\/11\/Slides-for-Education-header.jpg\u00bb custom_margin=\u00bb0px||||false|false\u00bb custom_padding=\u00bb0px||0px||false|false\u00bb][et_pb_row _builder_version=\u00bb4.7.7&#8243; _module_preset=\u00bbdefault\u00bb max_width=\u00bb1500px\u00bb custom_margin=\u00bb0px||||false|false\u00bb custom_padding=\u00bb0px||0px||false|false\u00bb locked=\u00bboff\u00bb][et_pb_column type=\u00bb4_4&#8243; _builder_version=\u00bb4.7.7&#8243; _module_preset=\u00bbdefault\u00bb custom_padding=\u00bb0px||||false|false\u00bb][et_pb_text _builder_version=\u00bb4.7.7&#8243; _module_preset=\u00bbdefault\u00bb text_text_color=\u00bb#ffffff\u00bb link_text_color=\u00bb#ffffff\u00bb text_orientation=\u00bbright\u00bb custom_margin=\u00bb0px||||false|false\u00bb custom_padding=\u00bb0px|||||\u00bb link_text_color__hover_enabled=\u00bboff|desktop\u00bb link_text_color__hover=\u00bb#ffffff\u00bb]\n<div class=\"wpml-ls-statics-shortcode_actions wpml-ls wpml-ls-legacy-list-horizontal\">\n\t<ul><li class=\"wpml-ls-slot-shortcode_actions wpml-ls-item wpml-ls-item-en wpml-ls-first-item wpml-ls-item-legacy-list-horizontal\">\n\t\t\t\t<a href=\"https:\/\/slidesforeducation.com\/\" class=\"wpml-ls-link\">\n                    <span class=\"wpml-ls-native\" lang=\"en\">ENG<\/span><\/a>\n\t\t\t<\/li><li class=\"wpml-ls-slot-shortcode_actions wpml-ls-item wpml-ls-item-es wpml-ls-current-language wpml-ls-last-item wpml-ls-item-legacy-list-horizontal\">\n\t\t\t\t<a href=\"https:\/\/slidesforeducation.com\/es\/\" class=\"wpml-ls-link\">\n                    <span class=\"wpml-ls-native\">ESP<\/span><\/a>\n\t\t\t<\/li><\/ul>\n<\/div>\n[\/et_pb_text][\/et_pb_column][\/et_pb_row][et_pb_row _builder_version=\u00bb4.6.6&#8243; _module_preset=\u00bbdefault\u00bb width=\u00bb100%\u00bb max_width=\u00bb1500px\u00bb module_alignment=\u00bbcenter\u00bb][et_pb_column type=\u00bb4_4&#8243; _builder_version=\u00bb4.6.6&#8243; _module_preset=\u00bbdefault\u00bb custom_padding=\u00bb|40px||40px|false|false\u00bb][et_pb_menu active_link_color=\u00bb#ffffff\u00bb logo=\u00bbhttps:\/\/slidesforeducation.com\/wp-content\/uploads\/2020\/11\/SFElogo.png\u00bb logo_max_width=\u00bb69%\u00bb show_search_icon=\u00bbon\u00bb search_icon_color=\u00bb#ffffff\u00bb menu_icon_color=\u00bb#ffffff\u00bb search_icon_font_size=\u00bb20px\u00bb _builder_version=\u00bb4.6.6&#8243; _module_preset=\u00bbdefault\u00bb menu_font=\u00bbRoboto|500|||||||\u00bb menu_text_color=\u00bb#ffffff\u00bb menu_font_size=\u00bb22px\u00bb background_color=\u00bbrgba(0,0,0,0)\u00bb text_orientation=\u00bbright\u00bb background_layout=\u00bbdark\u00bb][\/et_pb_menu][\/et_pb_column][\/et_pb_row][\/et_pb_section][et_pb_section fb_built=\u00bb1&#8243; _builder_version=\u00bb4.6.6&#8243; _module_preset=\u00bbdefault\u00bb custom_padding=\u00bb19px||3px|||\u00bb][et_pb_row _builder_version=\u00bb4.6.6&#8243; _module_preset=\u00bbdefault\u00bb width=\u00bb100%\u00bb max_width=\u00bb2560px\u00bb module_alignment=\u00bbcenter\u00bb][et_pb_column type=\u00bb4_4&#8243; _builder_version=\u00bb4.6.6&#8243; _module_preset=\u00bbdefault\u00bb border_width_bottom=\u00bb1px\u00bb border_color_bottom=\u00bb#969696&#8243;][et_pb_menu menu_id=\u00bb10&#8243; menu_style=\u00bbcentered\u00bb active_link_color=\u00bb#640e81&#8243; _builder_version=\u00bb4.6.6&#8243; _module_preset=\u00bbdefault\u00bb menu_font=\u00bb|700|||||||\u00bb menu_text_color=\u00bb#969696&#8243; menu_font_size=\u00bb21px\u00bb custom_padding=\u00bb||11px|||\u00bb][\/et_pb_menu][\/et_pb_column][\/et_pb_row][\/et_pb_section][et_pb_section fb_built=\u00bb1&#8243; disabled_on=\u00bboff|off|off\u00bb _builder_version=\u00bb4.7.5&#8243; _module_preset=\u00bbdefault\u00bb custom_padding=\u00bb13px||7px|||\u00bb][et_pb_row _builder_version=\u00bb4.6.6&#8243; _module_preset=\u00bbdefault\u00bb custom_padding=\u00bb11px||8px|||\u00bb][et_pb_column type=\u00bb4_4&#8243; _builder_version=\u00bb4.6.6&#8243; _module_preset=\u00bbdefault\u00bb][et_pb_text _builder_version=\u00bb4.7.7&#8243; _module_preset=\u00bbdefault\u00bb text_font=\u00bb|300|||||||\u00bb text_font_size=\u00bb20px\u00bb header_font_size=\u00bb28px\u00bb header_2_text_align=\u00bbleft\u00bb header_2_font_size=\u00bb46px\u00bb]<\/p>\n<h1 style=\"text-align: left;\"><strong>Iconos y gr\u00e1ficos Gratuitos para descargar en Power Point, Google Slides y Keynote<\/strong><\/h1>\n<p>&nbsp;<\/p>\n<p>Descarga todas los <strong>iconos y gr\u00e1ficos de nuestras presentaciones para completar tus presentaciones en Power Point, Google Slides y Keynote<\/strong>, directamente desde slidesforeducation.com.<\/p>\n<p>Todas los <strong>iconos son 100% editables<\/strong>, para que puedas adaptarlos a tus proyectos, a tus presentaciones, con <strong>un mont\u00f3n de recursos<\/strong> que puedes modificar y emplear a tu gusto. Solo tienes que preocuparte del contenido, porque del dise\u00f1o de tu infograf\u00eda ya nos hemos encargado en slidesforeducation.<\/p>\n<p>Elige los iconos que m\u00e1s te\u00a0 gusten, <strong>desc\u00e1rgalos GRATIS<\/strong>.<\/p>\n<p>[\/et_pb_text][\/et_pb_column][\/et_pb_row][et_pb_row _builder_version=\u00bb4.7.5&#8243; _module_preset=\u00bbdefault\u00bb][et_pb_column type=\u00bb4_4&#8243; _builder_version=\u00bb4.7.5&#8243; _module_preset=\u00bbdefault\u00bb][et_pb_portfolio fullwidth=\u00bboff\u00bb posts_number=\u00bb20&#8243; include_categories=\u00bb96&#8243; _builder_version=\u00bb4.7.7&#8243; _module_preset=\u00bbdefault\u00bb hover_enabled=\u00bb0&#8243; sticky_enabled=\u00bb0&#8243;][\/et_pb_portfolio][\/et_pb_column][\/et_pb_row][\/et_pb_section][et_pb_section fb_built=\u00bb1&#8243; _builder_version=\u00bb4.6.6&#8243; _module_preset=\u00bbdefault\u00bb background_color=\u00bb#640e81&#8243; custom_margin=\u00bb-1px|||||\u00bb custom_padding=\u00bb10px|||||\u00bb][et_pb_row _builder_version=\u00bb4.6.6&#8243; _module_preset=\u00bbdefault\u00bb][et_pb_column type=\u00bb4_4&#8243; _builder_version=\u00bb4.6.6&#8243; _module_preset=\u00bbdefault\u00bb][et_pb_text _builder_version=\u00bb4.7.7&#8243; _module_preset=\u00bbdefault\u00bb header_2_text_align=\u00bbleft\u00bb header_2_font_size=\u00bb30px\u00bb]<\/p>\n<h2 style=\"text-align: center;\"><span style=\"color: #ffffff;\">\u00bfPor qu\u00e9 emplear los iconos y gr\u00e1ficos de SlidesForEducation?<\/span><\/h2>\n<p>[\/et_pb_text][\/et_pb_column][\/et_pb_row][et_pb_row column_structure=\u00bb1_3,1_3,1_3&#8243; _builder_version=\u00bb4.6.6&#8243; _module_preset=\u00bbdefault\u00bb][et_pb_column type=\u00bb1_3&#8243; _builder_version=\u00bb4.6.6&#8243; _module_preset=\u00bbdefault\u00bb][et_pb_blurb title=\u00bbIconos 100% gratuitos\u00bb use_icon=\u00bbon\u00bb font_icon=\u00bb%%235%%\u00bb icon_color=\u00bb#ffffff\u00bb icon_placement=\u00bbleft\u00bb use_icon_font_size=\u00bbon\u00bb icon_font_size=\u00bb19px\u00bb _builder_version=\u00bb4.7.7&#8243; _module_preset=\u00bbdefault\u00bb body_font=\u00bb|300|||||||\u00bb body_text_align=\u00bbjustify\u00bb background_layout=\u00bbdark\u00bb]<\/p>\n<p>No es necesario registrarte para descargar los iconos. Todos los gr\u00e1ficos, iconos e infograf\u00edas son 100% gratuitas, solo tienes que elegir la que m\u00e1s te gusta y descargarla en el formato que necesites: Google Slides, Power Point o Keynote y podr\u00e1s adaptarlas a tus necesidades f\u00e1cilmente.<\/p>\n<p>Dispones de un mont\u00f3n de recursos gr\u00e1ficos, infograf\u00edas e iconos donde escoger, para que crear tu presentaci\u00f3n no te cueste dinero y solo un poco de tiempo. Disfruta dise\u00f1ando tu pr\u00f3xima presentaci\u00f3n.<\/p>\n<p>[\/et_pb_blurb][\/et_pb_column][et_pb_column type=\u00bb1_3&#8243; _builder_version=\u00bb4.6.6&#8243; _module_preset=\u00bbdefault\u00bb][et_pb_blurb title=\u00bbDise\u00f1os 100% Profesionales\u00bb use_icon=\u00bbon\u00bb font_icon=\u00bb%%283%%\u00bb icon_color=\u00bb#ffffff\u00bb icon_placement=\u00bbleft\u00bb use_icon_font_size=\u00bbon\u00bb icon_font_size=\u00bb19px\u00bb _builder_version=\u00bb4.7.7&#8243; _module_preset=\u00bbdefault\u00bb body_font=\u00bb|300|||||||\u00bb body_text_align=\u00bbjustify\u00bb background_layout=\u00bbdark\u00bb]<\/p>\n<p>Los iconos y gr\u00e1ficos de SlidesForEducation est\u00e1n dise\u00f1ados por dise\u00f1adores experimentados que llevan mucho tiempo trabajando para marcas y empresas.<\/p>\n<p>Dispondr\u00e1s de dise\u00f1os adaptados a proyectos tecnol\u00f3gicos, art\u00edsticos, de ciencias, de naturaleza, elegantes, modernos&#8230; y casi de cualquier estilo y para cualquier necesidad. Todos los gr\u00e1ficos e infograf\u00edas est\u00e1n dise\u00f1ados con el m\u00e1ximo cuidado para que puedas adaptarlos y crear fant\u00e1sticas presentaciones.<\/p>\n<p>[\/et_pb_blurb][\/et_pb_column][et_pb_column type=\u00bb1_3&#8243; _builder_version=\u00bb4.6.6&#8243; _module_preset=\u00bbdefault\u00bb][et_pb_blurb title=\u00bbIconos 100% editables\u00bb use_icon=\u00bbon\u00bb font_icon=\u00bb%%283%%\u00bb icon_color=\u00bb#ffffff\u00bb icon_placement=\u00bbleft\u00bb use_icon_font_size=\u00bbon\u00bb icon_font_size=\u00bb19px\u00bb _builder_version=\u00bb4.7.7&#8243; _module_preset=\u00bbdefault\u00bb body_font=\u00bb|300|||||||\u00bb body_text_align=\u00bbjustify\u00bb background_layout=\u00bbdark\u00bb]<\/p>\n<p>En SlidesForEducation dispones de cientos de iconos, infograf\u00edas y plantillas para tus presentaciones totalmente editables. Los iconos, textos y fotograf\u00edas, se pueden modificar, utilizar, quitar y poner.<\/p>\n<p>Si necesitas m\u00e1s recursos, en la web disponemos de m\u00e1s plantillas y temas, con sus iconos, gr\u00e1ficos e infograf\u00edas que te ayudar\u00e1n a completar las presentaciones y sacarles todo el partido posible. Si quieres crear presentaciones especiales y dejar huella, elige tus iconos, gr\u00e1ficos e infograf\u00edas y desc\u00e1rgalas gratuitamente aqu\u00ed.<\/p>\n<p>[\/et_pb_blurb][\/et_pb_column][\/et_pb_row][\/et_pb_section][et_pb_section fb_built=\u00bb1&#8243; _builder_version=\u00bb4.6.6&#8243; _module_preset=\u00bbdefault\u00bb custom_padding=\u00bb13px||7px|||\u00bb][et_pb_row _builder_version=\u00bb4.6.6&#8243; _module_preset=\u00bbdefault\u00bb custom_padding=\u00bb11px||8px|||\u00bb][et_pb_column type=\u00bb4_4&#8243; _builder_version=\u00bb4.6.6&#8243; _module_preset=\u00bbdefault\u00bb][et_pb_text _builder_version=\u00bb4.7.5&#8243; _module_preset=\u00bbdefault\u00bb header_2_font_size=\u00bb46px\u00bb]<\/p>\n<h2 style=\"text-align: center;\">\u00bfQuieres m\u00e1s presentaciones?<\/h2>\n<p>[\/et_pb_text][\/et_pb_column][\/et_pb_row][et_pb_row column_structure=\u00bb1_3,1_3,1_3&#8243; _builder_version=\u00bb4.6.6&#8243; _module_preset=\u00bbdefault\u00bb][et_pb_column type=\u00bb1_3&#8243; _builder_version=\u00bb4.6.6&#8243; _module_preset=\u00bbdefault\u00bb][\/et_pb_column][et_pb_column type=\u00bb1_3&#8243; _builder_version=\u00bb4.6.6&#8243; _module_preset=\u00bbdefault\u00bb][et_pb_image src=\u00bbhttps:\/\/slidesforeducation.com\/wp-content\/uploads\/2020\/11\/Infographics.png\u00bb alt=\u00bbMore Infographics slidesforeducation\u00bb title_text=\u00bbMore Infographics slidesforeducation\u00bb align=\u00bbcenter\u00bb _builder_version=\u00bb4.6.6&#8243; _module_preset=\u00bbdefault\u00bb border_color_all=\u00bb#969696&#8243;][\/et_pb_image][\/et_pb_column][et_pb_column type=\u00bb1_3&#8243; _builder_version=\u00bb4.6.6&#8243; _module_preset=\u00bbdefault\u00bb][\/et_pb_column][\/et_pb_row][et_pb_row _builder_version=\u00bb4.6.6&#8243; _module_preset=\u00bbdefault\u00bb custom_margin=\u00bb|auto|18px|auto||\u00bb][et_pb_column type=\u00bb4_4&#8243; _builder_version=\u00bb4.6.6&#8243; _module_preset=\u00bbdefault\u00bb][et_pb_button button_url=\u00bbhttps:\/\/slidesforeducation.com\/es\/plantillas-gratuitas\/\u00bb button_text=\u00bbVER M\u00c1S AQU\u00cd\u00bb button_alignment=\u00bbcenter\u00bb _builder_version=\u00bb4.7.5&#8243; _module_preset=\u00bbdefault\u00bb][\/et_pb_button][\/et_pb_column][\/et_pb_row][\/et_pb_section]<\/p>\n","protected":false},"excerpt":{"rendered":"<p>\n<div class=\"wpml-ls-statics-shortcode_actions wpml-ls wpml-ls-legacy-list-horizontal\">\n\t<ul><li class=\"wpml-ls-slot-shortcode_actions wpml-ls-item wpml-ls-item-en wpml-ls-first-item wpml-ls-item-legacy-list-horizontal\">\n\t\t\t\t<a href=\"https:\/\/slidesforeducation.com\/\" class=\"wpml-ls-link\">\n                    <span class=\"wpml-ls-native\" lang=\"en\">ENG<\/span><\/a>\n\t\t\t<\/li><li class=\"wpml-ls-slot-shortcode_actions wpml-ls-item wpml-ls-item-es wpml-ls-current-language wpml-ls-last-item wpml-ls-item-legacy-list-horizontal\">\n\t\t\t\t<a href=\"https:\/\/slidesforeducation.com\/es\/\" class=\"wpml-ls-link\">\n                    <span class=\"wpml-ls-native\">ESP<\/span><\/a>\n\t\t\t<\/li><\/ul>\n<\/div>\nIconos y gr\u00e1ficos Gratuitos para descargar en Power Point, Google Slides y Keynote &nbsp; Descarga todas los iconos y gr\u00e1ficos de nuestras presentaciones para completar tus presentaciones en Power Point, Google Slides y Keynote, directamente desde slidesforeducation.com. Todas los iconos son 100% editables, para que puedas adaptarlos a tus proyectos, a tus presentaciones, con un [&hellip;]<\/p>\n","protected":false},"author":2,"featured_media":0,"parent":0,"menu_order":0,"comment_status":"closed","ping_status":"closed","template":"","meta":{"_et_pb_use_builder":"on","_et_pb_old_content":"","_et_gb_content_width":"","footnotes":""},"class_list":["post-1472","page","type-page","status-publish","hentry"],"yoast_head":"<!-- This site is optimized with the Yoast SEO plugin v25.6 - https:\/\/yoast.com\/wordpress\/plugins\/seo\/ -->\n<title>Iconos gratuitos de SlidesForEducation<\/title>\n<meta name=\"description\" content=\"Todos los iconos y dibujos gratuitos de nuestras presentaciones que puedes descargar 100% gratis para adaptarlos y usarlos en tus presentaciones\" \/>\n<meta name=\"robots\" content=\"index, follow, max-snippet:-1, max-image-preview:large, max-video-preview:-1\" \/>\n<link rel=\"canonical\" href=\"https:\/\/slidesforeducation.com\/es\/iconos\/\" \/>\n<meta property=\"og:locale\" content=\"es_ES\" \/>\n<meta property=\"og:type\" content=\"article\" \/>\n<meta property=\"og:title\" content=\"Iconos gratuitos de SlidesForEducation\" \/>\n<meta property=\"og:description\" content=\"Todos los iconos y dibujos gratuitos de nuestras presentaciones que puedes descargar 100% gratis para adaptarlos y usarlos en tus presentaciones\" \/>\n<meta property=\"og:url\" content=\"https:\/\/slidesforeducation.com\/es\/iconos\/\" \/>\n<meta property=\"og:site_name\" content=\"Slides For Education - Presentaciones descargables para Educaci\u00f3n\" \/>\n<meta property=\"article:modified_time\" content=\"2021-05-18T14:43:14+00:00\" \/>\n<meta name=\"twitter:card\" content=\"summary_large_image\" \/>\n<script type=\"application\/ld+json\" class=\"yoast-schema-graph\">{\"@context\":\"https:\/\/schema.org\",\"@graph\":[{\"@type\":\"WebPage\",\"@id\":\"https:\/\/slidesforeducation.com\/es\/iconos\/\",\"url\":\"https:\/\/slidesforeducation.com\/es\/iconos\/\",\"name\":\"Iconos gratuitos de SlidesForEducation\",\"isPartOf\":{\"@id\":\"https:\/\/slidesforeducation.com\/es\/#website\"},\"datePublished\":\"2021-01-29T07:44:15+00:00\",\"dateModified\":\"2021-05-18T14:43:14+00:00\",\"description\":\"Todos los iconos y dibujos gratuitos de nuestras presentaciones que puedes descargar 100% gratis para adaptarlos y usarlos en tus presentaciones\",\"breadcrumb\":{\"@id\":\"https:\/\/slidesforeducation.com\/es\/iconos\/#breadcrumb\"},\"inLanguage\":\"es\",\"potentialAction\":[{\"@type\":\"ReadAction\",\"target\":[\"https:\/\/slidesforeducation.com\/es\/iconos\/\"]}]},{\"@type\":\"BreadcrumbList\",\"@id\":\"https:\/\/slidesforeducation.com\/es\/iconos\/#breadcrumb\",\"itemListElement\":[{\"@type\":\"ListItem\",\"position\":1,\"name\":\"Portada\",\"item\":\"https:\/\/slidesforeducation.com\/es\/\"},{\"@type\":\"ListItem\",\"position\":2,\"name\":\"Iconos gratuitos de SlidesForEducation\"}]},{\"@type\":\"WebSite\",\"@id\":\"https:\/\/slidesforeducation.com\/es\/#website\",\"url\":\"https:\/\/slidesforeducation.com\/es\/\",\"name\":\"Slides For Education - Presentaciones descargables para Educaci\u00f3n\",\"description\":\"Presentaciones descargables en Power point y Google slides para Educaci\u00f3n\",\"potentialAction\":[{\"@type\":\"SearchAction\",\"target\":{\"@type\":\"EntryPoint\",\"urlTemplate\":\"https:\/\/slidesforeducation.com\/es\/?s={search_term_string}\"},\"query-input\":{\"@type\":\"PropertyValueSpecification\",\"valueRequired\":true,\"valueName\":\"search_term_string\"}}],\"inLanguage\":\"es\"}]}<\/script>\n<!-- \/ Yoast SEO plugin. -->","yoast_head_json":{"title":"Iconos gratuitos de SlidesForEducation","description":"Todos los iconos y dibujos gratuitos de nuestras presentaciones que puedes descargar 100% gratis para adaptarlos y usarlos en tus presentaciones","robots":{"index":"index","follow":"follow","max-snippet":"max-snippet:-1","max-image-preview":"max-image-preview:large","max-video-preview":"max-video-preview:-1"},"canonical":"https:\/\/slidesforeducation.com\/es\/iconos\/","og_locale":"es_ES","og_type":"article","og_title":"Iconos gratuitos de SlidesForEducation","og_description":"Todos los iconos y dibujos gratuitos de nuestras presentaciones que puedes descargar 100% gratis para adaptarlos y usarlos en tus presentaciones","og_url":"https:\/\/slidesforeducation.com\/es\/iconos\/","og_site_name":"Slides For Education - Presentaciones descargables para Educaci\u00f3n","article_modified_time":"2021-05-18T14:43:14+00:00","twitter_card":"summary_large_image","schema":{"@context":"https:\/\/schema.org","@graph":[{"@type":"WebPage","@id":"https:\/\/slidesforeducation.com\/es\/iconos\/","url":"https:\/\/slidesforeducation.com\/es\/iconos\/","name":"Iconos gratuitos de SlidesForEducation","isPartOf":{"@id":"https:\/\/slidesforeducation.com\/es\/#website"},"datePublished":"2021-01-29T07:44:15+00:00","dateModified":"2021-05-18T14:43:14+00:00","description":"Todos los iconos y dibujos gratuitos de nuestras presentaciones que puedes descargar 100% gratis para adaptarlos y usarlos en tus presentaciones","breadcrumb":{"@id":"https:\/\/slidesforeducation.com\/es\/iconos\/#breadcrumb"},"inLanguage":"es","potentialAction":[{"@type":"ReadAction","target":["https:\/\/slidesforeducation.com\/es\/iconos\/"]}]},{"@type":"BreadcrumbList","@id":"https:\/\/slidesforeducation.com\/es\/iconos\/#breadcrumb","itemListElement":[{"@type":"ListItem","position":1,"name":"Portada","item":"https:\/\/slidesforeducation.com\/es\/"},{"@type":"ListItem","position":2,"name":"Iconos gratuitos de SlidesForEducation"}]},{"@type":"WebSite","@id":"https:\/\/slidesforeducation.com\/es\/#website","url":"https:\/\/slidesforeducation.com\/es\/","name":"Slides For Education - Presentaciones descargables para Educaci\u00f3n","description":"Presentaciones descargables en Power point y Google slides para Educaci\u00f3n","potentialAction":[{"@type":"SearchAction","target":{"@type":"EntryPoint","urlTemplate":"https:\/\/slidesforeducation.com\/es\/?s={search_term_string}"},"query-input":{"@type":"PropertyValueSpecification","valueRequired":true,"valueName":"search_term_string"}}],"inLanguage":"es"}]}},"_links":{"self":[{"href":"https:\/\/slidesforeducation.com\/es\/wp-json\/wp\/v2\/pages\/1472"}],"collection":[{"href":"https:\/\/slidesforeducation.com\/es\/wp-json\/wp\/v2\/pages"}],"about":[{"href":"https:\/\/slidesforeducation.com\/es\/wp-json\/wp\/v2\/types\/page"}],"author":[{"embeddable":true,"href":"https:\/\/slidesforeducation.com\/es\/wp-json\/wp\/v2\/users\/2"}],"replies":[{"embeddable":true,"href":"https:\/\/slidesforeducation.com\/es\/wp-json\/wp\/v2\/comments?post=1472"}],"version-history":[{"count":4,"href":"https:\/\/slidesforeducation.com\/es\/wp-json\/wp\/v2\/pages\/1472\/revisions"}],"predecessor-version":[{"id":2543,"href":"https:\/\/slidesforeducation.com\/es\/wp-json\/wp\/v2\/pages\/1472\/revisions\/2543"}],"wp:attachment":[{"href":"https:\/\/slidesforeducation.com\/es\/wp-json\/wp\/v2\/media?parent=1472"}],"curies":[{"name":"wp","href":"https:\/\/api.w.org\/{rel}","templated":true}]}}