{"id":3350,"date":"2023-05-18T18:22:55","date_gmt":"2023-05-18T17:22:55","guid":{"rendered":"https:\/\/slidesforeducation.com\/?page_id=3350"},"modified":"2023-05-18T18:35:46","modified_gmt":"2023-05-18T17:35:46","slug":"fondos-para-presentaciones","status":"publish","type":"page","link":"https:\/\/slidesforeducation.com\/es\/fondos-para-presentaciones\/","title":{"rendered":"Fondos para plantillas de PowerPoint y temas de Google Slides y Keynote"},"content":{"rendered":"<p>[et_pb_section fb_built=\u00bb1&#8243; _builder_version=\u00bb4.16&#8243; _module_preset=\u00bbdefault\u00bb background_image=\u00bbhttps:\/\/slidesforeducation.com\/wp-content\/uploads\/2020\/11\/Slides-for-Education-header.jpg\u00bb custom_margin=\u00bb0px||0px||false|false\u00bb custom_padding=\u00bb0px||0px||false|false\u00bb global_colors_info=\u00bb{}\u00bb][et_pb_row _builder_version=\u00bb4.16&#8243; _module_preset=\u00bbdefault\u00bb max_width=\u00bb1500px\u00bb custom_margin=\u00bb0px||||false|false\u00bb custom_padding=\u00bb0px||0px||false|false\u00bb locked=\u00bboff\u00bb global_colors_info=\u00bb{}\u00bb][et_pb_column type=\u00bb4_4&#8243; _builder_version=\u00bb4.16&#8243; _module_preset=\u00bbdefault\u00bb custom_padding=\u00bb0px||||false|false\u00bb global_colors_info=\u00bb{}\u00bb][et_pb_text _builder_version=\u00bb4.16&#8243; _module_preset=\u00bbdefault\u00bb text_text_color=\u00bb#ffffff\u00bb link_text_color=\u00bb#ffffff\u00bb text_orientation=\u00bbright\u00bb custom_margin=\u00bb0px||||false|false\u00bb custom_padding=\u00bb0px|||||\u00bb global_colors_info=\u00bb{}\u00bb link_text_color__hover_enabled=\u00bboff|desktop\u00bb link_text_color__hover=\u00bb#ffffff\u00bb]\n<div class=\"wpml-ls-statics-shortcode_actions wpml-ls wpml-ls-legacy-list-horizontal\">\n\t<ul><li class=\"wpml-ls-slot-shortcode_actions wpml-ls-item wpml-ls-item-en wpml-ls-first-item wpml-ls-item-legacy-list-horizontal\">\n\t\t\t\t<a href=\"https:\/\/slidesforeducation.com\/\" class=\"wpml-ls-link\">\n                    <span class=\"wpml-ls-native\" lang=\"en\">ENG<\/span><\/a>\n\t\t\t<\/li><li class=\"wpml-ls-slot-shortcode_actions wpml-ls-item wpml-ls-item-es wpml-ls-current-language wpml-ls-last-item wpml-ls-item-legacy-list-horizontal\">\n\t\t\t\t<a href=\"https:\/\/slidesforeducation.com\/es\/\" class=\"wpml-ls-link\">\n                    <span class=\"wpml-ls-native\">ESP<\/span><\/a>\n\t\t\t<\/li><\/ul>\n<\/div>\n[\/et_pb_text][\/et_pb_column][\/et_pb_row][et_pb_row _builder_version=\u00bb4.16&#8243; _module_preset=\u00bbdefault\u00bb width=\u00bb100%\u00bb max_width=\u00bb1500px\u00bb module_alignment=\u00bbcenter\u00bb global_colors_info=\u00bb{}\u00bb][et_pb_column type=\u00bb4_4&#8243; _builder_version=\u00bb4.16&#8243; _module_preset=\u00bbdefault\u00bb custom_padding=\u00bb|40px||40px|false|false\u00bb global_colors_info=\u00bb{}\u00bb][et_pb_menu active_link_color=\u00bb#ffffff\u00bb logo=\u00bbhttps:\/\/slidesforeducation.com\/wp-content\/uploads\/2020\/11\/SFElogo.png\u00bb logo_url=\u00bbhttps:\/\/slidesforeducation.com\/es\/\u00bb logo_max_width=\u00bb69%\u00bb show_search_icon=\u00bbon\u00bb search_icon_color=\u00bb#ffffff\u00bb menu_icon_color=\u00bb#ffffff\u00bb search_icon_font_size=\u00bb20px\u00bb _builder_version=\u00bb4.16&#8243; _module_preset=\u00bbdefault\u00bb menu_font=\u00bbRoboto|500|||||||\u00bb menu_text_color=\u00bb#ffffff\u00bb menu_font_size=\u00bb22px\u00bb background_color=\u00bbrgba(0,0,0,0)\u00bb text_orientation=\u00bbright\u00bb background_layout=\u00bbdark\u00bb global_colors_info=\u00bb{}\u00bb][\/et_pb_menu][\/et_pb_column][\/et_pb_row][et_pb_row _builder_version=\u00bb4.16&#8243; _module_preset=\u00bbdefault\u00bb custom_padding=\u00bb26px||70px|||\u00bb global_colors_info=\u00bb{}\u00bb][et_pb_column type=\u00bb4_4&#8243; _builder_version=\u00bb4.16&#8243; _module_preset=\u00bbdefault\u00bb global_colors_info=\u00bb{}\u00bb][et_pb_text _builder_version=\u00bb4.19.0&#8243; _module_preset=\u00bbdefault\u00bb header_font=\u00bbRoboto|300|||||||\u00bb header_text_align=\u00bbcenter\u00bb header_text_color=\u00bb#ffffff\u00bb header_font_size=\u00bb55px\u00bb header_line_height=\u00bb1.4em\u00bb global_colors_info=\u00bb{}\u00bb]<\/p>\n<h1>Fondos para plantillas de presentaciones <strong>PowerPoint<\/strong>, <strong>Google Slides<\/strong>\u00a0y\u00a0<strong>Keynote<\/strong><\/h1>\n<p>[\/et_pb_text][\/et_pb_column][\/et_pb_row][\/et_pb_section][et_pb_section fb_built=\u00bb1&#8243; _builder_version=\u00bb4.16&#8243; _module_preset=\u00bbdefault\u00bb custom_padding=\u00bb19px||3px|||\u00bb global_colors_info=\u00bb{}\u00bb][et_pb_row _builder_version=\u00bb4.16&#8243; _module_preset=\u00bbdefault\u00bb width=\u00bb100%\u00bb max_width=\u00bb2560px\u00bb module_alignment=\u00bbcenter\u00bb global_colors_info=\u00bb{}\u00bb][et_pb_column type=\u00bb4_4&#8243; _builder_version=\u00bb4.16&#8243; _module_preset=\u00bbdefault\u00bb border_width_bottom=\u00bb1px\u00bb border_color_bottom=\u00bb#969696&#8243; global_colors_info=\u00bb{}\u00bb][et_pb_menu menu_id=\u00bb10&#8243; menu_style=\u00bbcentered\u00bb active_link_color=\u00bb#640e81&#8243; _builder_version=\u00bb4.16&#8243; _module_preset=\u00bbdefault\u00bb menu_font=\u00bb|700|||||||\u00bb menu_text_color=\u00bb#969696&#8243; menu_font_size=\u00bb21px\u00bb custom_padding=\u00bb||11px|||\u00bb global_colors_info=\u00bb{}\u00bb][\/et_pb_menu][\/et_pb_column][\/et_pb_row][\/et_pb_section][et_pb_section fb_built=\u00bb1&#8243; _builder_version=\u00bb4.16&#8243; _module_preset=\u00bbdefault\u00bb custom_padding=\u00bb13px||7px|||\u00bb global_colors_info=\u00bb{}\u00bb][et_pb_row _builder_version=\u00bb4.16&#8243; _module_preset=\u00bbdefault\u00bb custom_padding=\u00bb11px||8px|||\u00bb global_colors_info=\u00bb{}\u00bb][et_pb_column type=\u00bb4_4&#8243; _builder_version=\u00bb4.16&#8243; _module_preset=\u00bbdefault\u00bb global_colors_info=\u00bb{}\u00bb][et_pb_text _builder_version=\u00bb4.19.0&#8243; _module_preset=\u00bbdefault\u00bb header_2_text_align=\u00bbleft\u00bb header_2_font_size=\u00bb46px\u00bb hover_enabled=\u00bb0&#8243; global_colors_info=\u00bb{}\u00bb sticky_enabled=\u00bb0&#8243;]<\/p>\n<h2 style=\"text-align: left;\"><strong>Fondos para plantillas m\u00e1s recientes<\/strong><\/h2>\n<p>[\/et_pb_text][et_pb_text _builder_version=\u00bb4.19.0&#8243; _module_preset=\u00bbdefault\u00bb text_font=\u00bb|300|||||||\u00bb text_font_size=\u00bb21px\u00bb text_line_height=\u00bb1.2em\u00bb global_colors_info=\u00bb{}\u00bb]<\/p>\n<p style=\"text-align: left;\"><span style=\"color: #000000;\">\u00bfBuscas fondos bonitos para presentaciones en Power Point, Google Slides o Keynote? <\/span><\/p>\n<p style=\"text-align: left;\"><span style=\"color: #000000;\">Aqu\u00ed encontrar\u00e1s un mont\u00f3n de ideas, fotos y <strong>fondos gratuitos para Powerpoint y Google Slides que podr\u00e1s descargar<\/strong> con solo un clic. Mejorar\u00e1s tus presentaciones y el p\u00fablico quedar\u00e1 encantado con tus presentaciones. <\/span><\/p>\n<p style=\"text-align: left;\"><span style=\"color: #000000;\">Todas las plantillas tienen <strong>im\u00e1genes de alta calidad<\/strong>, que llaman la atenci\u00f3n y que est\u00e1n encuadradas en diferentes tem\u00e1ticas, para conseguir fondos para presentaciones formales, informales, deportivas, t\u00e9cnicas, educativas o lo que necesites.<\/span><\/p>\n<p>[\/et_pb_text][\/et_pb_column][\/et_pb_row][et_pb_row _builder_version=\u00bb4.19.0&#8243; _module_preset=\u00bbdefault\u00bb global_colors_info=\u00bb{}\u00bb][et_pb_column type=\u00bb4_4&#8243; _builder_version=\u00bb4.16&#8243; _module_preset=\u00bbdefault\u00bb global_colors_info=\u00bb{}\u00bb][et_pb_portfolio fullwidth=\u00bboff\u00bb posts_number=\u00bb28&#8243; include_categories=\u00bb62,63,64,53,54,55,56,57,65,58,66,67,59,68,69,60,61,70,101,99,93&#8243; show_categories=\u00bboff\u00bb _builder_version=\u00bb4.19.0&#8243; _module_preset=\u00bbdefault\u00bb global_colors_info=\u00bb{}\u00bb][\/et_pb_portfolio][\/et_pb_column][\/et_pb_row][et_pb_row _builder_version=\u00bb4.16&#8243; _module_preset=\u00bbdefault\u00bb global_colors_info=\u00bb{}\u00bb][et_pb_column type=\u00bb4_4&#8243; _builder_version=\u00bb4.16&#8243; _module_preset=\u00bbdefault\u00bb global_colors_info=\u00bb{}\u00bb][et_pb_button button_url=\u00bbhttps:\/\/slidesforeducation.com\/es\/plantillas-gratuitas\/\u00bb button_text=\u00bbM\u00c1S FONDOS DE PRESENTACIONES\u00bb button_alignment=\u00bbcenter\u00bb _builder_version=\u00bb4.19.0&#8243; _module_preset=\u00bbdefault\u00bb global_colors_info=\u00bb{}\u00bb][\/et_pb_button][\/et_pb_column][\/et_pb_row][\/et_pb_section][et_pb_section fb_built=\u00bb1&#8243; _builder_version=\u00bb4.16&#8243; _module_preset=\u00bbdefault\u00bb background_color=\u00bb#640e81&#8243; custom_margin=\u00bb-1px|||||\u00bb custom_padding=\u00bb10px|||||\u00bb global_colors_info=\u00bb{}\u00bb][et_pb_row _builder_version=\u00bb4.16&#8243; _module_preset=\u00bbdefault\u00bb global_colors_info=\u00bb{}\u00bb][et_pb_column type=\u00bb4_4&#8243; _builder_version=\u00bb4.16&#8243; _module_preset=\u00bbdefault\u00bb global_colors_info=\u00bb{}\u00bb][et_pb_text _builder_version=\u00bb4.16&#8243; _module_preset=\u00bbdefault\u00bb header_2_font_size=\u00bb46px\u00bb global_colors_info=\u00bb{}\u00bb]<\/p>\n<h2 style=\"text-align: center;\"><span style=\"color: #ffffff;\">\u00bfPor qu\u00e9 emplear Slides for Education para tus fondos de presentaciones?<\/span><\/h2>\n<p>[\/et_pb_text][\/et_pb_column][\/et_pb_row][et_pb_row column_structure=\u00bb1_3,1_3,1_3&#8243; _builder_version=\u00bb4.16&#8243; _module_preset=\u00bbdefault\u00bb global_colors_info=\u00bb{}\u00bb][et_pb_column type=\u00bb1_3&#8243; _builder_version=\u00bb4.16&#8243; _module_preset=\u00bbdefault\u00bb global_colors_info=\u00bb{}\u00bb][et_pb_image src=\u00bbhttps:\/\/slidesforeducation.com\/wp-content\/uploads\/2020\/11\/Free.png\u00bb alt=\u00bbPlantillas gratuitas en slidesforeducation\u00bb title_text=\u00bbPlantillas gratuitas en slidesforeducation\u00bb align=\u00bbcenter\u00bb _builder_version=\u00bb4.16&#8243; _module_preset=\u00bbdefault\u00bb border_color_all=\u00bb#969696&#8243; global_colors_info=\u00bb{}\u00bb][\/et_pb_image][et_pb_text _builder_version=\u00bb4.16&#8243; _module_preset=\u00bbdefault\u00bb text_font=\u00bb||||||||\u00bb text_font_size=\u00bb25px\u00bb custom_margin=\u00bb||12px|||\u00bb global_colors_info=\u00bb{}\u00bb]<\/p>\n<p style=\"text-align: center;\"><span style=\"color: #ffffff;\"><b>Gratis<\/b><\/span><\/p>\n<p>[\/et_pb_text][et_pb_text _builder_version=\u00bb4.16&#8243; _module_preset=\u00bbdefault\u00bb text_font=\u00bb|300|||||||\u00bb text_font_size=\u00bb24px\u00bb text_line_height=\u00bb1.2em\u00bb global_colors_info=\u00bb{}\u00bb]<\/p>\n<p style=\"text-align: center;\"><span style=\"color: #ffffff;\">Este es el primer punto que siempre decimos. Todas las presentaciones, recursos, iconos o dibujos son gratuitos para crear presentaciones de calidad a coste cero.<\/span><\/p>\n<p>[\/et_pb_text][\/et_pb_column][et_pb_column type=\u00bb1_3&#8243; _builder_version=\u00bb4.16&#8243; _module_preset=\u00bbdefault\u00bb global_colors_info=\u00bb{}\u00bb][et_pb_image src=\u00bbhttps:\/\/slidesforeducation.com\/wp-content\/uploads\/2020\/11\/Fast2.png\u00bb alt=\u00bbFast slides templates slidesforeducation\u00bb title_text=\u00bbFast slides templates slidesforeducation\u00bb align=\u00bbcenter\u00bb _builder_version=\u00bb4.16&#8243; _module_preset=\u00bbdefault\u00bb border_color_all=\u00bb#969696&#8243; global_colors_info=\u00bb{}\u00bb][\/et_pb_image][et_pb_text _builder_version=\u00bb4.16&#8243; _module_preset=\u00bbdefault\u00bb text_font=\u00bb||||||||\u00bb text_font_size=\u00bb25px\u00bb custom_margin=\u00bb||12px|||\u00bb global_colors_info=\u00bb{}\u00bb]<\/p>\n<p style=\"text-align: center;\"><span style=\"color: #ffffff;\"><b>Rapidez<\/b><\/span><\/p>\n<p>[\/et_pb_text][et_pb_text _builder_version=\u00bb4.16&#8243; _module_preset=\u00bbdefault\u00bb text_font=\u00bb|300|||||||\u00bb text_font_size=\u00bb24px\u00bb text_line_height=\u00bb1.2em\u00bb global_colors_info=\u00bb{}\u00bb]<\/p>\n<p style=\"text-align: center;\"><span style=\"color: #ffffff;\">Todos los recursos descargables r\u00e1pidamente, para que puedas empezar a crear tu propia presentaci\u00f3n al instanted con la que puedes crear tu propia presentaci\u00f3n.<\/span><\/p>\n<p>[\/et_pb_text][\/et_pb_column][et_pb_column type=\u00bb1_3&#8243; _builder_version=\u00bb4.16&#8243; _module_preset=\u00bbdefault\u00bb global_colors_info=\u00bb{}\u00bb][et_pb_image src=\u00bbhttps:\/\/slidesforeducation.com\/wp-content\/uploads\/2020\/11\/Eye.png\u00bb alt=\u00bbEye catching slides templates slidesforeducation\u00bb title_text=\u00bbEye catching slides templates slidesforeducation\u00bb align=\u00bbcenter\u00bb _builder_version=\u00bb4.16&#8243; _module_preset=\u00bbdefault\u00bb border_color_all=\u00bb#969696&#8243; global_colors_info=\u00bb{}\u00bb][\/et_pb_image][et_pb_text _builder_version=\u00bb4.16&#8243; _module_preset=\u00bbdefault\u00bb text_font=\u00bb||||||||\u00bb text_font_size=\u00bb25px\u00bb custom_margin=\u00bb||12px|||\u00bb global_colors_info=\u00bb{}\u00bb]<\/p>\n<p style=\"text-align: center;\"><span style=\"color: #ffffff;\"><b>Llamativas<\/b><\/span><\/p>\n<p>[\/et_pb_text][et_pb_text _builder_version=\u00bb4.16&#8243; _module_preset=\u00bbdefault\u00bb text_font=\u00bb|300|||||||\u00bb text_font_size=\u00bb24px\u00bb text_line_height=\u00bb1.2em\u00bb global_colors_info=\u00bb{}\u00bb]<\/p>\n<p style=\"text-align: center;\"><span style=\"color: #ffffff;\">Todas nuestras presentaciones gratuitas para Power Point, Google Slides y Keynote est\u00e1n dise\u00f1adas para llamar la atenci\u00f3n y ser muy atractivas.<\/span><\/p>\n<p>[\/et_pb_text][\/et_pb_column][\/et_pb_row][\/et_pb_section][et_pb_section fb_built=\u00bb1&#8243; _builder_version=\u00bb4.16&#8243; _module_preset=\u00bbdefault\u00bb custom_padding=\u00bb13px||7px|||\u00bb global_colors_info=\u00bb{}\u00bb][et_pb_row _builder_version=\u00bb4.16&#8243; _module_preset=\u00bbdefault\u00bb custom_padding=\u00bb11px||8px|||\u00bb global_colors_info=\u00bb{}\u00bb][et_pb_column type=\u00bb4_4&#8243; _builder_version=\u00bb4.16&#8243; _module_preset=\u00bbdefault\u00bb global_colors_info=\u00bb{}\u00bb][et_pb_text _builder_version=\u00bb4.16&#8243; _module_preset=\u00bbdefault\u00bb header_2_font_size=\u00bb46px\u00bb global_colors_info=\u00bb{}\u00bb]<\/p>\n<h2 style=\"text-align: center;\">\u00bfQuieres m\u00e1s?<\/h2>\n<p>[\/et_pb_text][\/et_pb_column][\/et_pb_row][et_pb_row column_structure=\u00bb1_3,1_3,1_3&#8243; _builder_version=\u00bb4.16&#8243; _module_preset=\u00bbdefault\u00bb global_colors_info=\u00bb{}\u00bb][et_pb_column type=\u00bb1_3&#8243; _builder_version=\u00bb4.16&#8243; _module_preset=\u00bbdefault\u00bb global_colors_info=\u00bb{}\u00bb][\/et_pb_column][et_pb_column type=\u00bb1_3&#8243; _builder_version=\u00bb4.16&#8243; _module_preset=\u00bbdefault\u00bb global_colors_info=\u00bb{}\u00bb][et_pb_image src=\u00bbhttps:\/\/slidesforeducation.com\/wp-content\/uploads\/2020\/11\/Infographics.png\u00bb alt=\u00bbMore Infographics slidesforeducation\u00bb title_text=\u00bbMore Infographics slidesforeducation\u00bb align=\u00bbcenter\u00bb _builder_version=\u00bb4.16&#8243; _module_preset=\u00bbdefault\u00bb border_color_all=\u00bb#969696&#8243; global_colors_info=\u00bb{}\u00bb][\/et_pb_image][\/et_pb_column][et_pb_column type=\u00bb1_3&#8243; _builder_version=\u00bb4.16&#8243; _module_preset=\u00bbdefault\u00bb global_colors_info=\u00bb{}\u00bb][\/et_pb_column][\/et_pb_row][et_pb_row _builder_version=\u00bb4.16&#8243; _module_preset=\u00bbdefault\u00bb custom_margin=\u00bb|auto|18px|auto||\u00bb global_colors_info=\u00bb{}\u00bb][et_pb_column type=\u00bb4_4&#8243; _builder_version=\u00bb4.16&#8243; _module_preset=\u00bbdefault\u00bb global_colors_info=\u00bb{}\u00bb][et_pb_button button_url=\u00bbhttps:\/\/slidesforeducation.com\/es\/infografias-ilustraciones-gratuitas\/\u00bb button_text=\u00bbDESCARGAR AQU\u00cd\u00bb button_alignment=\u00bbcenter\u00bb _builder_version=\u00bb4.16&#8243; _module_preset=\u00bbdefault\u00bb global_colors_info=\u00bb{}\u00bb][\/et_pb_button][\/et_pb_column][\/et_pb_row][\/et_pb_section]<\/p>\n","protected":false},"excerpt":{"rendered":"<p>\n<div class=\"wpml-ls-statics-shortcode_actions wpml-ls wpml-ls-legacy-list-horizontal\">\n\t<ul><li class=\"wpml-ls-slot-shortcode_actions wpml-ls-item wpml-ls-item-en wpml-ls-first-item wpml-ls-item-legacy-list-horizontal\">\n\t\t\t\t<a href=\"https:\/\/slidesforeducation.com\/\" class=\"wpml-ls-link\">\n                    <span class=\"wpml-ls-native\" lang=\"en\">ENG<\/span><\/a>\n\t\t\t<\/li><li class=\"wpml-ls-slot-shortcode_actions wpml-ls-item wpml-ls-item-es wpml-ls-current-language wpml-ls-last-item wpml-ls-item-legacy-list-horizontal\">\n\t\t\t\t<a href=\"https:\/\/slidesforeducation.com\/es\/\" class=\"wpml-ls-link\">\n                    <span class=\"wpml-ls-native\">ESP<\/span><\/a>\n\t\t\t<\/li><\/ul>\n<\/div>\nFondos para plantillas de presentaciones PowerPoint, Google Slides\u00a0y\u00a0KeynoteFondos para plantillas m\u00e1s recientes\u00bfBuscas fondos bonitos para presentaciones en Power Point, Google Slides o Keynote? Aqu\u00ed encontrar\u00e1s un mont\u00f3n de ideas, fotos y fondos gratuitos para Powerpoint y Google Slides que podr\u00e1s descargar con solo un clic. Mejorar\u00e1s tus presentaciones y el p\u00fablico quedar\u00e1 encantado con tus [&hellip;]<\/p>\n","protected":false},"author":2,"featured_media":0,"parent":0,"menu_order":0,"comment_status":"closed","ping_status":"closed","template":"","meta":{"_et_pb_use_builder":"on","_et_pb_old_content":"","_et_gb_content_width":"","footnotes":""},"class_list":["post-3350","page","type-page","status-publish","hentry"],"yoast_head":"<!-- This site is optimized with the Yoast SEO plugin v25.6 - https:\/\/yoast.com\/wordpress\/plugins\/seo\/ -->\n<title>Fondos Gratis para plantillas de PowerPoint y temas en Google Slides<\/title>\n<meta name=\"description\" content=\"Descarga el fondo gratuito para mejorar tu presentaci\u00f3n e impresionar a tu p\u00fablico. Cientos de fotos para plantillas de fondo personalizables.\" \/>\n<meta name=\"robots\" content=\"index, follow, max-snippet:-1, max-image-preview:large, max-video-preview:-1\" \/>\n<link rel=\"canonical\" href=\"https:\/\/slidesforeducation.com\/es\/fondos-para-presentaciones\/\" \/>\n<meta property=\"og:locale\" content=\"es_ES\" \/>\n<meta property=\"og:type\" content=\"article\" \/>\n<meta property=\"og:title\" content=\"Fondos Gratis para plantillas de PowerPoint y temas en Google Slides\" \/>\n<meta property=\"og:description\" content=\"Descarga el fondo gratuito para mejorar tu presentaci\u00f3n e impresionar a tu p\u00fablico. Cientos de fotos para plantillas de fondo personalizables.\" \/>\n<meta property=\"og:url\" content=\"https:\/\/slidesforeducation.com\/es\/fondos-para-presentaciones\/\" \/>\n<meta property=\"og:site_name\" content=\"Slides For Education - Presentaciones descargables para Educaci\u00f3n\" \/>\n<meta property=\"article:modified_time\" content=\"2023-05-18T17:35:46+00:00\" \/>\n<meta name=\"twitter:card\" content=\"summary_large_image\" \/>\n<meta name=\"twitter:label1\" content=\"Tiempo de lectura\" \/>\n\t<meta name=\"twitter:data1\" content=\"3 minutos\" \/>\n<script type=\"application\/ld+json\" class=\"yoast-schema-graph\">{\"@context\":\"https:\/\/schema.org\",\"@graph\":[{\"@type\":\"WebPage\",\"@id\":\"https:\/\/slidesforeducation.com\/es\/fondos-para-presentaciones\/\",\"url\":\"https:\/\/slidesforeducation.com\/es\/fondos-para-presentaciones\/\",\"name\":\"Fondos Gratis para plantillas de PowerPoint y temas en Google Slides\",\"isPartOf\":{\"@id\":\"https:\/\/slidesforeducation.com\/es\/#website\"},\"datePublished\":\"2023-05-18T17:22:55+00:00\",\"dateModified\":\"2023-05-18T17:35:46+00:00\",\"description\":\"Descarga el fondo gratuito para mejorar tu presentaci\u00f3n e impresionar a tu p\u00fablico. Cientos de fotos para plantillas de fondo personalizables.\",\"breadcrumb\":{\"@id\":\"https:\/\/slidesforeducation.com\/es\/fondos-para-presentaciones\/#breadcrumb\"},\"inLanguage\":\"es\",\"potentialAction\":[{\"@type\":\"ReadAction\",\"target\":[\"https:\/\/slidesforeducation.com\/es\/fondos-para-presentaciones\/\"]}]},{\"@type\":\"BreadcrumbList\",\"@id\":\"https:\/\/slidesforeducation.com\/es\/fondos-para-presentaciones\/#breadcrumb\",\"itemListElement\":[{\"@type\":\"ListItem\",\"position\":1,\"name\":\"Portada\",\"item\":\"https:\/\/slidesforeducation.com\/es\/\"},{\"@type\":\"ListItem\",\"position\":2,\"name\":\"Fondos para plantillas de PowerPoint y temas de Google Slides y Keynote\"}]},{\"@type\":\"WebSite\",\"@id\":\"https:\/\/slidesforeducation.com\/es\/#website\",\"url\":\"https:\/\/slidesforeducation.com\/es\/\",\"name\":\"Slides For Education - Presentaciones descargables para Educaci\u00f3n\",\"description\":\"Presentaciones descargables en Power point y Google slides para Educaci\u00f3n\",\"potentialAction\":[{\"@type\":\"SearchAction\",\"target\":{\"@type\":\"EntryPoint\",\"urlTemplate\":\"https:\/\/slidesforeducation.com\/es\/?s={search_term_string}\"},\"query-input\":{\"@type\":\"PropertyValueSpecification\",\"valueRequired\":true,\"valueName\":\"search_term_string\"}}],\"inLanguage\":\"es\"}]}<\/script>\n<!-- \/ Yoast SEO plugin. -->","yoast_head_json":{"title":"Fondos Gratis para plantillas de PowerPoint y temas en Google Slides","description":"Descarga el fondo gratuito para mejorar tu presentaci\u00f3n e impresionar a tu p\u00fablico. Cientos de fotos para plantillas de fondo personalizables.","robots":{"index":"index","follow":"follow","max-snippet":"max-snippet:-1","max-image-preview":"max-image-preview:large","max-video-preview":"max-video-preview:-1"},"canonical":"https:\/\/slidesforeducation.com\/es\/fondos-para-presentaciones\/","og_locale":"es_ES","og_type":"article","og_title":"Fondos Gratis para plantillas de PowerPoint y temas en Google Slides","og_description":"Descarga el fondo gratuito para mejorar tu presentaci\u00f3n e impresionar a tu p\u00fablico. Cientos de fotos para plantillas de fondo personalizables.","og_url":"https:\/\/slidesforeducation.com\/es\/fondos-para-presentaciones\/","og_site_name":"Slides For Education - Presentaciones descargables para Educaci\u00f3n","article_modified_time":"2023-05-18T17:35:46+00:00","twitter_card":"summary_large_image","twitter_misc":{"Tiempo de lectura":"3 minutos"},"schema":{"@context":"https:\/\/schema.org","@graph":[{"@type":"WebPage","@id":"https:\/\/slidesforeducation.com\/es\/fondos-para-presentaciones\/","url":"https:\/\/slidesforeducation.com\/es\/fondos-para-presentaciones\/","name":"Fondos Gratis para plantillas de PowerPoint y temas en Google Slides","isPartOf":{"@id":"https:\/\/slidesforeducation.com\/es\/#website"},"datePublished":"2023-05-18T17:22:55+00:00","dateModified":"2023-05-18T17:35:46+00:00","description":"Descarga el fondo gratuito para mejorar tu presentaci\u00f3n e impresionar a tu p\u00fablico. Cientos de fotos para plantillas de fondo personalizables.","breadcrumb":{"@id":"https:\/\/slidesforeducation.com\/es\/fondos-para-presentaciones\/#breadcrumb"},"inLanguage":"es","potentialAction":[{"@type":"ReadAction","target":["https:\/\/slidesforeducation.com\/es\/fondos-para-presentaciones\/"]}]},{"@type":"BreadcrumbList","@id":"https:\/\/slidesforeducation.com\/es\/fondos-para-presentaciones\/#breadcrumb","itemListElement":[{"@type":"ListItem","position":1,"name":"Portada","item":"https:\/\/slidesforeducation.com\/es\/"},{"@type":"ListItem","position":2,"name":"Fondos para plantillas de PowerPoint y temas de Google Slides y Keynote"}]},{"@type":"WebSite","@id":"https:\/\/slidesforeducation.com\/es\/#website","url":"https:\/\/slidesforeducation.com\/es\/","name":"Slides For Education - Presentaciones descargables para Educaci\u00f3n","description":"Presentaciones descargables en Power point y Google slides para Educaci\u00f3n","potentialAction":[{"@type":"SearchAction","target":{"@type":"EntryPoint","urlTemplate":"https:\/\/slidesforeducation.com\/es\/?s={search_term_string}"},"query-input":{"@type":"PropertyValueSpecification","valueRequired":true,"valueName":"search_term_string"}}],"inLanguage":"es"}]}},"_links":{"self":[{"href":"https:\/\/slidesforeducation.com\/es\/wp-json\/wp\/v2\/pages\/3350"}],"collection":[{"href":"https:\/\/slidesforeducation.com\/es\/wp-json\/wp\/v2\/pages"}],"about":[{"href":"https:\/\/slidesforeducation.com\/es\/wp-json\/wp\/v2\/types\/page"}],"author":[{"embeddable":true,"href":"https:\/\/slidesforeducation.com\/es\/wp-json\/wp\/v2\/users\/2"}],"replies":[{"embeddable":true,"href":"https:\/\/slidesforeducation.com\/es\/wp-json\/wp\/v2\/comments?post=3350"}],"version-history":[{"count":7,"href":"https:\/\/slidesforeducation.com\/es\/wp-json\/wp\/v2\/pages\/3350\/revisions"}],"predecessor-version":[{"id":3365,"href":"https:\/\/slidesforeducation.com\/es\/wp-json\/wp\/v2\/pages\/3350\/revisions\/3365"}],"wp:attachment":[{"href":"https:\/\/slidesforeducation.com\/es\/wp-json\/wp\/v2\/media?parent=3350"}],"curies":[{"name":"wp","href":"https:\/\/api.w.org\/{rel}","templated":true}]}}