{"id":859,"date":"2020-12-23T09:54:46","date_gmt":"2020-12-23T09:54:46","guid":{"rendered":"https:\/\/slidesforeducation.com\/?page_id=859"},"modified":"2021-01-23T18:23:00","modified_gmt":"2021-01-23T18:23:00","slug":"plantillas-sencillas-temas-gratis","status":"publish","type":"page","link":"https:\/\/slidesforeducation.com\/es\/plantillas-sencillas-temas-gratis\/","title":{"rendered":"Plantillas Sencillas para descargar Gratis en Power Point, Google Slides y keynote"},"content":{"rendered":"<p>[et_pb_section fb_built=\u00bb1&#8243; _builder_version=\u00bb4.7.7&#8243; _module_preset=\u00bbdefault\u00bb background_image=\u00bbhttps:\/\/slidesforeducation.com\/wp-content\/uploads\/2020\/11\/Slides-for-Education-header.jpg\u00bb custom_margin=\u00bb0px||||false|false\u00bb custom_padding=\u00bb0px||0px||false|false\u00bb global_module=\u00bb1125&#8243;][et_pb_row _builder_version=\u00bb4.7.7&#8243; _module_preset=\u00bbdefault\u00bb max_width=\u00bb1500px\u00bb custom_margin=\u00bb0px||||false|false\u00bb custom_padding=\u00bb0px||0px||false|false\u00bb locked=\u00bboff\u00bb][et_pb_column type=\u00bb4_4&#8243; _builder_version=\u00bb4.7.7&#8243; _module_preset=\u00bbdefault\u00bb custom_padding=\u00bb0px||||false|false\u00bb][et_pb_text _builder_version=\u00bb4.7.7&#8243; _module_preset=\u00bbdefault\u00bb text_text_color=\u00bb#ffffff\u00bb link_text_color=\u00bb#ffffff\u00bb text_orientation=\u00bbright\u00bb custom_margin=\u00bb0px||||false|false\u00bb custom_padding=\u00bb0px|||||\u00bb link_text_color__hover_enabled=\u00bboff|desktop\u00bb link_text_color__hover=\u00bb#ffffff\u00bb]\n<div class=\"wpml-ls-statics-shortcode_actions wpml-ls wpml-ls-legacy-list-horizontal\">\n\t<ul><li class=\"wpml-ls-slot-shortcode_actions wpml-ls-item wpml-ls-item-en wpml-ls-first-item wpml-ls-item-legacy-list-horizontal\">\n\t\t\t\t<a href=\"https:\/\/slidesforeducation.com\/\" class=\"wpml-ls-link\">\n                    <span class=\"wpml-ls-native\" lang=\"en\">ENG<\/span><\/a>\n\t\t\t<\/li><li class=\"wpml-ls-slot-shortcode_actions wpml-ls-item wpml-ls-item-es wpml-ls-current-language wpml-ls-last-item wpml-ls-item-legacy-list-horizontal\">\n\t\t\t\t<a href=\"https:\/\/slidesforeducation.com\/es\/\" class=\"wpml-ls-link\">\n                    <span class=\"wpml-ls-native\">ESP<\/span><\/a>\n\t\t\t<\/li><\/ul>\n<\/div>\n[\/et_pb_text][\/et_pb_column][\/et_pb_row][et_pb_row _builder_version=\u00bb4.7.7&#8243; _module_preset=\u00bbdefault\u00bb width=\u00bb100%\u00bb max_width=\u00bb1500px\u00bb module_alignment=\u00bbcenter\u00bb custom_margin=\u00bb0px||||false|false\u00bb custom_padding=\u00bb0px||||false|false\u00bb][et_pb_column type=\u00bb4_4&#8243; _builder_version=\u00bb4.6.6&#8243; _module_preset=\u00bbdefault\u00bb custom_padding=\u00bb|40px||40px|false|false\u00bb][et_pb_menu active_link_color=\u00bb#ffffff\u00bb logo=\u00bbhttps:\/\/slidesforeducation.com\/wp-content\/uploads\/2020\/11\/SFElogo.png\u00bb logo_url=\u00bbhttps:\/\/slidesforeducation.com\/es\/\u00bb logo_max_width=\u00bb69%\u00bb show_search_icon=\u00bbon\u00bb search_icon_color=\u00bb#ffffff\u00bb menu_icon_color=\u00bb#ffffff\u00bb search_icon_font_size=\u00bb20px\u00bb _builder_version=\u00bb4.7.5&#8243; _module_preset=\u00bbdefault\u00bb menu_font=\u00bbRoboto|500|||||||\u00bb menu_text_color=\u00bb#ffffff\u00bb menu_font_size=\u00bb22px\u00bb background_color=\u00bbrgba(0,0,0,0)\u00bb text_orientation=\u00bbright\u00bb background_layout=\u00bbdark\u00bb][\/et_pb_menu][\/et_pb_column][\/et_pb_row][\/et_pb_section][et_pb_section fb_built=\u00bb1&#8243; _builder_version=\u00bb4.6.6&#8243; _module_preset=\u00bbdefault\u00bb custom_padding=\u00bb19px||3px|||\u00bb][et_pb_row _builder_version=\u00bb4.6.6&#8243; _module_preset=\u00bbdefault\u00bb width=\u00bb100%\u00bb max_width=\u00bb2560px\u00bb module_alignment=\u00bbcenter\u00bb][et_pb_column type=\u00bb4_4&#8243; _builder_version=\u00bb4.6.6&#8243; _module_preset=\u00bbdefault\u00bb border_width_bottom=\u00bb1px\u00bb border_color_bottom=\u00bb#969696&#8243;][et_pb_menu menu_id=\u00bb10&#8243; menu_style=\u00bbcentered\u00bb active_link_color=\u00bb#640e81&#8243; _builder_version=\u00bb4.6.6&#8243; _module_preset=\u00bbdefault\u00bb menu_font=\u00bb|700|||||||\u00bb menu_text_color=\u00bb#969696&#8243; menu_font_size=\u00bb21px\u00bb custom_padding=\u00bb||11px|||\u00bb][\/et_pb_menu][\/et_pb_column][\/et_pb_row][\/et_pb_section][et_pb_section fb_built=\u00bb1&#8243; _builder_version=\u00bb4.6.6&#8243; _module_preset=\u00bbdefault\u00bb custom_padding=\u00bb13px||7px|||\u00bb][et_pb_row _builder_version=\u00bb4.6.6&#8243; _module_preset=\u00bbdefault\u00bb custom_padding=\u00bb11px||8px|||\u00bb][et_pb_column type=\u00bb4_4&#8243; _builder_version=\u00bb4.6.6&#8243; _module_preset=\u00bbdefault\u00bb][et_pb_text _builder_version=\u00bb4.7.5&#8243; _module_preset=\u00bbdefault\u00bb text_font=\u00bb|300|||||||\u00bb header_font_size=\u00bb25px\u00bb header_2_text_align=\u00bbleft\u00bb header_2_font_size=\u00bb46px\u00bb]<\/p>\n<h1 style=\"text-align: left;\"><strong>Plantillas sencillas para descargar Gratis en Power Point, Google Slides y Keynote<\/strong><\/h1>\n<p>&nbsp;<\/p>\n<p>Descarga todas las <strong>plantillas gratuitas sencillas de varios temas para tus presentaciones en Power Point, Google Slides y Keynote<\/strong>, directamente desde slidesforeducation.com.\u00a0<span style=\"font-size: 18px;\">Todas las plantillas de la <strong>categor\u00eda f\u00e1ciles de usar<\/strong> son totalmente editables, para que puedas adaptarlas a tus proyectos y presentaciones.<\/span><\/p>\n<p>Estas <strong>plantillas y temas sencillos de diferentes categor\u00edas<\/strong>\u00a0de descarga inmediata disponen de\u00a0<strong>un mont\u00f3n de iconos, gr\u00e1ficos y textos<\/strong> que puedes modificar, quitar y poner seg\u00fan tus necesidades porque son 100% editables.\u00a0<span style=\"font-size: 18px;\">Elige el <\/span><strong style=\"font-size: 18px;\">dise\u00f1o de un tema f\u00e1cil y sencillo,<\/strong><span style=\"font-size: 18px;\">\u00a0que m\u00e1s te\u00a0 gusta, <\/span><strong style=\"font-size: 18px;\">desc\u00e1rgalo GRATIS<\/strong><span style=\"font-size: 18px;\"> y ad\u00e1ptalo a tus necesidades.<\/span><\/p>\n<p>[\/et_pb_text][\/et_pb_column][\/et_pb_row][et_pb_row _builder_version=\u00bb4.7.5&#8243; _module_preset=\u00bbdefault\u00bb][et_pb_column type=\u00bb4_4&#8243; _builder_version=\u00bb4.7.5&#8243; _module_preset=\u00bbdefault\u00bb][et_pb_portfolio fullwidth=\u00bboff\u00bb posts_number=\u00bb8&#8243; include_categories=\u00bb60&#8243; show_categories=\u00bboff\u00bb show_pagination=\u00bboff\u00bb _builder_version=\u00bb4.7.5&#8243; _module_preset=\u00bbdefault\u00bb][\/et_pb_portfolio][\/et_pb_column][\/et_pb_row][et_pb_row _builder_version=\u00bb4.7.5&#8243; _module_preset=\u00bbdefault\u00bb][et_pb_column type=\u00bb4_4&#8243; _builder_version=\u00bb4.7.5&#8243; _module_preset=\u00bbdefault\u00bb][et_pb_button button_url=\u00bbhttps:\/\/slidesforeducation.com\/plantillas-gratuitas\/\u00bb button_text=\u00bbM\u00c1S PLANTILLAS\u00bb button_alignment=\u00bbcenter\u00bb _builder_version=\u00bb4.7.5&#8243; _module_preset=\u00bbdefault\u00bb][\/et_pb_button][\/et_pb_column][\/et_pb_row][\/et_pb_section][et_pb_section fb_built=\u00bb1&#8243; _builder_version=\u00bb4.6.6&#8243; _module_preset=\u00bbdefault\u00bb background_color=\u00bb#640e81&#8243; custom_margin=\u00bb-1px|||||\u00bb custom_padding=\u00bb10px|||||\u00bb global_module=\u00bb1283&#8243;][et_pb_row _builder_version=\u00bb4.6.6&#8243; _module_preset=\u00bbdefault\u00bb][et_pb_column type=\u00bb4_4&#8243; _builder_version=\u00bb4.6.6&#8243; _module_preset=\u00bbdefault\u00bb][et_pb_text _builder_version=\u00bb4.7.5&#8243; _module_preset=\u00bbdefault\u00bb header_2_text_align=\u00bbleft\u00bb header_2_font_size=\u00bb30px\u00bb]<\/p>\n<h2 style=\"text-align: left;\"><span style=\"color: #ffffff;\">\u00bfPor qu\u00e9 emplear los temas de SlidesForEducation?<\/span><\/h2>\n<p>[\/et_pb_text][\/et_pb_column][\/et_pb_row][et_pb_row column_structure=\u00bb1_3,1_3,1_3&#8243; _builder_version=\u00bb4.6.6&#8243; _module_preset=\u00bbdefault\u00bb][et_pb_column type=\u00bb1_3&#8243; _builder_version=\u00bb4.6.6&#8243; _module_preset=\u00bbdefault\u00bb][et_pb_blurb title=\u00bbPlantillas 100% gratuitas\u00bb use_icon=\u00bbon\u00bb font_icon=\u00bb%%235%%\u00bb icon_color=\u00bb#ffffff\u00bb icon_placement=\u00bbleft\u00bb use_icon_font_size=\u00bbon\u00bb icon_font_size=\u00bb19px\u00bb _builder_version=\u00bb4.7.5&#8243; _module_preset=\u00bbdefault\u00bb body_font=\u00bb|300|||||||\u00bb body_text_align=\u00bbjustify\u00bb background_layout=\u00bbdark\u00bb]<\/p>\n<p style=\"text-align: left;\">No es necesario registrarte para descargarlas. Son 100% gratuitas, solo tienes que elegir la que m\u00e1s te gusta y descargarla en el formato que necesites: Google Slides, Power Point o Keynote y podr\u00e1s adaptarlas a tus necesidades f\u00e1cilmente.<\/p>\n<p style=\"text-align: left;\">Dispones de un mont\u00f3n de recursos y de temas donde escoger, para que crear tu presentaci\u00f3n no te cueste dinero y solo un poco de tiempo. Disfruta dise\u00f1ando tu power point.<\/p>\n<p>[\/et_pb_blurb][\/et_pb_column][et_pb_column type=\u00bb1_3&#8243; _builder_version=\u00bb4.6.6&#8243; _module_preset=\u00bbdefault\u00bb][et_pb_blurb title=\u00bbDise\u00f1os 100% Profesionales\u00bb use_icon=\u00bbon\u00bb font_icon=\u00bb%%283%%\u00bb icon_color=\u00bb#ffffff\u00bb icon_placement=\u00bbleft\u00bb use_icon_font_size=\u00bbon\u00bb icon_font_size=\u00bb19px\u00bb _builder_version=\u00bb4.7.5&#8243; _module_preset=\u00bbdefault\u00bb body_font=\u00bb|300|||||||\u00bb body_text_align=\u00bbjustify\u00bb background_layout=\u00bbdark\u00bb]<\/p>\n<p style=\"text-align: left;\">Las plantillas y temas de SlidesForEducation est\u00e1n dise\u00f1adas por dise\u00f1adores experimentados que llevan mucho tiempo trabajando para marcas y empresas. Dispondr\u00e1s de dise\u00f1os adaptados a proyectos tecnol\u00f3gicos, art\u00edsticos, de ciencias, de naturaleza, elegantes, modernos&#8230; y casi de cualquier estilo y para cualquier necesidad. Todos los temas est\u00e1n dise\u00f1ados con el m\u00e1ximo cuidado para que puedas adaptarlos y crear presentaciones \u00e9picas.<\/p>\n<p>[\/et_pb_blurb][\/et_pb_column][et_pb_column type=\u00bb1_3&#8243; _builder_version=\u00bb4.6.6&#8243; _module_preset=\u00bbdefault\u00bb][et_pb_blurb title=\u00bbTemas 100% editables\u00bb use_icon=\u00bbon\u00bb font_icon=\u00bb%%283%%\u00bb icon_color=\u00bb#ffffff\u00bb icon_placement=\u00bbleft\u00bb use_icon_font_size=\u00bbon\u00bb icon_font_size=\u00bb19px\u00bb _builder_version=\u00bb4.7.5&#8243; _module_preset=\u00bbdefault\u00bb body_font=\u00bb|300|||||||\u00bb body_text_align=\u00bbjustify\u00bb background_layout=\u00bbdark\u00bb]<\/p>\n<p style=\"text-align: left;\">En SlidesForEducation dispones de cientos de temas y plantillas para tus presentaciones totalmente editables. Los iconos, textos y fotograf\u00edas, se pueden modificar, utilizar, quitar y poner.<\/p>\n<p style=\"text-align: left;\">Si necesitas m\u00e1s recursos, en la web disponemos de iconos, gr\u00e1ficos y temas que te ayudar\u00e1n a completar las presentaciones y sacarles todo el partido posible. Si quieres crear presentaciones especiales y dejar huella, elige tu tema y desc\u00e1rgalo gratuitamente aqu\u00ed.<\/p>\n<p>[\/et_pb_blurb][\/et_pb_column][\/et_pb_row][\/et_pb_section][et_pb_section fb_built=\u00bb1&#8243; _builder_version=\u00bb4.6.6&#8243; _module_preset=\u00bbdefault\u00bb custom_padding=\u00bb13px||7px|||\u00bb][et_pb_row _builder_version=\u00bb4.6.6&#8243; _module_preset=\u00bbdefault\u00bb custom_padding=\u00bb11px||8px|||\u00bb][et_pb_column type=\u00bb4_4&#8243; _builder_version=\u00bb4.6.6&#8243; _module_preset=\u00bbdefault\u00bb][et_pb_text _builder_version=\u00bb4.6.6&#8243; _module_preset=\u00bbdefault\u00bb header_2_font_size=\u00bb46px\u00bb]<\/p>\n<h2 style=\"text-align: center;\">\u00bfQuieres m\u00e1s infograf\u00edas y recursos?<\/h2>\n<p>[\/et_pb_text][\/et_pb_column][\/et_pb_row][et_pb_row column_structure=\u00bb1_3,1_3,1_3&#8243; _builder_version=\u00bb4.6.6&#8243; _module_preset=\u00bbdefault\u00bb][et_pb_column type=\u00bb1_3&#8243; _builder_version=\u00bb4.6.6&#8243; _module_preset=\u00bbdefault\u00bb][\/et_pb_column][et_pb_column type=\u00bb1_3&#8243; _builder_version=\u00bb4.6.6&#8243; _module_preset=\u00bbdefault\u00bb][et_pb_image src=\u00bbhttps:\/\/slidesforeducation.com\/wp-content\/uploads\/2020\/11\/Infographics.png\u00bb alt=\u00bbMore Infographics slidesforeducation\u00bb title_text=\u00bbMore Infographics slidesforeducation\u00bb align=\u00bbcenter\u00bb _builder_version=\u00bb4.6.6&#8243; _module_preset=\u00bbdefault\u00bb border_color_all=\u00bb#969696&#8243;][\/et_pb_image][\/et_pb_column][et_pb_column type=\u00bb1_3&#8243; _builder_version=\u00bb4.6.6&#8243; _module_preset=\u00bbdefault\u00bb][\/et_pb_column][\/et_pb_row][et_pb_row _builder_version=\u00bb4.6.6&#8243; _module_preset=\u00bbdefault\u00bb custom_margin=\u00bb|auto|18px|auto||\u00bb][et_pb_column type=\u00bb4_4&#8243; _builder_version=\u00bb4.6.6&#8243; _module_preset=\u00bbdefault\u00bb][et_pb_button button_url=\u00bbhttps:\/\/slidesforeducation.com\/es\/infografias-ilustraciones-gratuitas\/\u00bb button_text=\u00bbVER M\u00c1S AQU\u00cd\u00bb button_alignment=\u00bbcenter\u00bb _builder_version=\u00bb4.7.5&#8243; _module_preset=\u00bbdefault\u00bb][\/et_pb_button][\/et_pb_column][\/et_pb_row][\/et_pb_section]<\/p>\n","protected":false},"excerpt":{"rendered":"<p>\n<div class=\"wpml-ls-statics-shortcode_actions wpml-ls wpml-ls-legacy-list-horizontal\">\n\t<ul><li class=\"wpml-ls-slot-shortcode_actions wpml-ls-item wpml-ls-item-en wpml-ls-first-item wpml-ls-item-legacy-list-horizontal\">\n\t\t\t\t<a href=\"https:\/\/slidesforeducation.com\/\" class=\"wpml-ls-link\">\n                    <span class=\"wpml-ls-native\" lang=\"en\">ENG<\/span><\/a>\n\t\t\t<\/li><li class=\"wpml-ls-slot-shortcode_actions wpml-ls-item wpml-ls-item-es wpml-ls-current-language wpml-ls-last-item wpml-ls-item-legacy-list-horizontal\">\n\t\t\t\t<a href=\"https:\/\/slidesforeducation.com\/es\/\" class=\"wpml-ls-link\">\n                    <span class=\"wpml-ls-native\">ESP<\/span><\/a>\n\t\t\t<\/li><\/ul>\n<\/div>\nPlantillas sencillas para descargar Gratis en Power Point, Google Slides y Keynote &nbsp; Descarga todas las plantillas gratuitas sencillas de varios temas para tus presentaciones en Power Point, Google Slides y Keynote, directamente desde slidesforeducation.com.\u00a0Todas las plantillas de la categor\u00eda f\u00e1ciles de usar son totalmente editables, para que puedas adaptarlas a tus proyectos y presentaciones. [&hellip;]<\/p>\n","protected":false},"author":2,"featured_media":0,"parent":0,"menu_order":0,"comment_status":"closed","ping_status":"closed","template":"","meta":{"_et_pb_use_builder":"on","_et_pb_old_content":"","_et_gb_content_width":"","footnotes":""},"class_list":["post-859","page","type-page","status-publish","hentry"],"yoast_head":"<!-- This site is optimized with the Yoast SEO plugin v25.6 - https:\/\/yoast.com\/wordpress\/plugins\/seo\/ -->\n<title>Plantillas Sencillas Gratis en Power Point, Google Slides y keynote<\/title>\n<meta name=\"description\" content=\"Descarga las Mejores Plantillas Sencillas Gratuitas para Power Point, Google Slides y Keynote. R\u00e1pido y sin registro previo ni dejar email\" \/>\n<meta name=\"robots\" content=\"index, follow, max-snippet:-1, max-image-preview:large, max-video-preview:-1\" \/>\n<link rel=\"canonical\" href=\"https:\/\/slidesforeducation.com\/es\/plantillas-sencillas-temas-gratis\/\" \/>\n<meta property=\"og:locale\" content=\"es_ES\" \/>\n<meta property=\"og:type\" content=\"article\" \/>\n<meta property=\"og:title\" content=\"Plantillas Sencillas Gratis en Power Point, Google Slides y keynote\" \/>\n<meta property=\"og:description\" content=\"Descarga las Mejores Plantillas Sencillas Gratuitas para Power Point, Google Slides y Keynote. R\u00e1pido y sin registro previo ni dejar email\" \/>\n<meta property=\"og:url\" content=\"https:\/\/slidesforeducation.com\/es\/plantillas-sencillas-temas-gratis\/\" \/>\n<meta property=\"og:site_name\" content=\"Slides For Education - Presentaciones descargables para Educaci\u00f3n\" \/>\n<meta property=\"article:modified_time\" content=\"2021-01-23T18:23:00+00:00\" \/>\n<meta name=\"twitter:card\" content=\"summary_large_image\" \/>\n<meta name=\"twitter:label1\" content=\"Tiempo de lectura\" \/>\n\t<meta name=\"twitter:data1\" content=\"6 minutos\" \/>\n<script type=\"application\/ld+json\" class=\"yoast-schema-graph\">{\"@context\":\"https:\/\/schema.org\",\"@graph\":[{\"@type\":\"WebPage\",\"@id\":\"https:\/\/slidesforeducation.com\/es\/plantillas-sencillas-temas-gratis\/\",\"url\":\"https:\/\/slidesforeducation.com\/es\/plantillas-sencillas-temas-gratis\/\",\"name\":\"Plantillas Sencillas Gratis en Power Point, Google Slides y keynote\",\"isPartOf\":{\"@id\":\"https:\/\/slidesforeducation.com\/es\/#website\"},\"datePublished\":\"2020-12-23T09:54:46+00:00\",\"dateModified\":\"2021-01-23T18:23:00+00:00\",\"description\":\"Descarga las Mejores Plantillas Sencillas Gratuitas para Power Point, Google Slides y Keynote. R\u00e1pido y sin registro previo ni dejar email\",\"breadcrumb\":{\"@id\":\"https:\/\/slidesforeducation.com\/es\/plantillas-sencillas-temas-gratis\/#breadcrumb\"},\"inLanguage\":\"es\",\"potentialAction\":[{\"@type\":\"ReadAction\",\"target\":[\"https:\/\/slidesforeducation.com\/es\/plantillas-sencillas-temas-gratis\/\"]}]},{\"@type\":\"BreadcrumbList\",\"@id\":\"https:\/\/slidesforeducation.com\/es\/plantillas-sencillas-temas-gratis\/#breadcrumb\",\"itemListElement\":[{\"@type\":\"ListItem\",\"position\":1,\"name\":\"Portada\",\"item\":\"https:\/\/slidesforeducation.com\/es\/\"},{\"@type\":\"ListItem\",\"position\":2,\"name\":\"Plantillas Sencillas para descargar Gratis en Power Point, Google Slides y keynote\"}]},{\"@type\":\"WebSite\",\"@id\":\"https:\/\/slidesforeducation.com\/es\/#website\",\"url\":\"https:\/\/slidesforeducation.com\/es\/\",\"name\":\"Slides For Education - Presentaciones descargables para Educaci\u00f3n\",\"description\":\"Presentaciones descargables en Power point y Google slides para Educaci\u00f3n\",\"potentialAction\":[{\"@type\":\"SearchAction\",\"target\":{\"@type\":\"EntryPoint\",\"urlTemplate\":\"https:\/\/slidesforeducation.com\/es\/?s={search_term_string}\"},\"query-input\":{\"@type\":\"PropertyValueSpecification\",\"valueRequired\":true,\"valueName\":\"search_term_string\"}}],\"inLanguage\":\"es\"}]}<\/script>\n<!-- \/ Yoast SEO plugin. -->","yoast_head_json":{"title":"Plantillas Sencillas Gratis en Power Point, Google Slides y keynote","description":"Descarga las Mejores Plantillas Sencillas Gratuitas para Power Point, Google Slides y Keynote. R\u00e1pido y sin registro previo ni dejar email","robots":{"index":"index","follow":"follow","max-snippet":"max-snippet:-1","max-image-preview":"max-image-preview:large","max-video-preview":"max-video-preview:-1"},"canonical":"https:\/\/slidesforeducation.com\/es\/plantillas-sencillas-temas-gratis\/","og_locale":"es_ES","og_type":"article","og_title":"Plantillas Sencillas Gratis en Power Point, Google Slides y keynote","og_description":"Descarga las Mejores Plantillas Sencillas Gratuitas para Power Point, Google Slides y Keynote. R\u00e1pido y sin registro previo ni dejar email","og_url":"https:\/\/slidesforeducation.com\/es\/plantillas-sencillas-temas-gratis\/","og_site_name":"Slides For Education - Presentaciones descargables para Educaci\u00f3n","article_modified_time":"2021-01-23T18:23:00+00:00","twitter_card":"summary_large_image","twitter_misc":{"Tiempo de lectura":"6 minutos"},"schema":{"@context":"https:\/\/schema.org","@graph":[{"@type":"WebPage","@id":"https:\/\/slidesforeducation.com\/es\/plantillas-sencillas-temas-gratis\/","url":"https:\/\/slidesforeducation.com\/es\/plantillas-sencillas-temas-gratis\/","name":"Plantillas Sencillas Gratis en Power Point, Google Slides y keynote","isPartOf":{"@id":"https:\/\/slidesforeducation.com\/es\/#website"},"datePublished":"2020-12-23T09:54:46+00:00","dateModified":"2021-01-23T18:23:00+00:00","description":"Descarga las Mejores Plantillas Sencillas Gratuitas para Power Point, Google Slides y Keynote. R\u00e1pido y sin registro previo ni dejar email","breadcrumb":{"@id":"https:\/\/slidesforeducation.com\/es\/plantillas-sencillas-temas-gratis\/#breadcrumb"},"inLanguage":"es","potentialAction":[{"@type":"ReadAction","target":["https:\/\/slidesforeducation.com\/es\/plantillas-sencillas-temas-gratis\/"]}]},{"@type":"BreadcrumbList","@id":"https:\/\/slidesforeducation.com\/es\/plantillas-sencillas-temas-gratis\/#breadcrumb","itemListElement":[{"@type":"ListItem","position":1,"name":"Portada","item":"https:\/\/slidesforeducation.com\/es\/"},{"@type":"ListItem","position":2,"name":"Plantillas Sencillas para descargar Gratis en Power Point, Google Slides y keynote"}]},{"@type":"WebSite","@id":"https:\/\/slidesforeducation.com\/es\/#website","url":"https:\/\/slidesforeducation.com\/es\/","name":"Slides For Education - Presentaciones descargables para Educaci\u00f3n","description":"Presentaciones descargables en Power point y Google slides para Educaci\u00f3n","potentialAction":[{"@type":"SearchAction","target":{"@type":"EntryPoint","urlTemplate":"https:\/\/slidesforeducation.com\/es\/?s={search_term_string}"},"query-input":{"@type":"PropertyValueSpecification","valueRequired":true,"valueName":"search_term_string"}}],"inLanguage":"es"}]}},"_links":{"self":[{"href":"https:\/\/slidesforeducation.com\/es\/wp-json\/wp\/v2\/pages\/859"}],"collection":[{"href":"https:\/\/slidesforeducation.com\/es\/wp-json\/wp\/v2\/pages"}],"about":[{"href":"https:\/\/slidesforeducation.com\/es\/wp-json\/wp\/v2\/types\/page"}],"author":[{"embeddable":true,"href":"https:\/\/slidesforeducation.com\/es\/wp-json\/wp\/v2\/users\/2"}],"replies":[{"embeddable":true,"href":"https:\/\/slidesforeducation.com\/es\/wp-json\/wp\/v2\/comments?post=859"}],"version-history":[{"count":11,"href":"https:\/\/slidesforeducation.com\/es\/wp-json\/wp\/v2\/pages\/859\/revisions"}],"predecessor-version":[{"id":1304,"href":"https:\/\/slidesforeducation.com\/es\/wp-json\/wp\/v2\/pages\/859\/revisions\/1304"}],"wp:attachment":[{"href":"https:\/\/slidesforeducation.com\/es\/wp-json\/wp\/v2\/media?parent=859"}],"curies":[{"name":"wp","href":"https:\/\/api.w.org\/{rel}","templated":true}]}}